{"id":956,"date":"2024-05-13T11:09:56","date_gmt":"2024-05-13T09:09:56","guid":{"rendered":"https:\/\/martinberrocal.com\/comprar\/huile-dolive-extra-vierge-dona-ursula-non-filtree-500ml\/"},"modified":"2025-05-13T21:58:50","modified_gmt":"2025-05-13T19:58:50","slug":"huile-dolive-extra-vierge-dona-ursula-non-filtree-500ml","status":"publish","type":"product","link":"https:\/\/martinberrocal.com\/fr\/comprar\/huile-dolive-extra-vierge-dona-ursula-non-filtree-500ml\/","title":{"rendered":"Do\u00f1a Ursula Non Filtr\u00e9 500Ml"},"content":{"rendered":"<p><span style=\"font-size: 12pt;\">D\u00e9couvrez le go\u00fbt de l&rsquo;huile d&rsquo;olive extra vierge Do\u00f1a \u00darsula.<\/span><\/p>\n<h2><span style=\"color: #9e8763; font-size: 14pt;\">Notes de d\u00e9gustation<\/span><\/h2>\n<p><span style=\"color: #9e8763;\"><i>Fruit\u00e9:<\/i><\/span> Milieu d\u2019olive verte avec des notes herbac\u00e9es d\u2019herbe fra\u00eechement coup\u00e9e et de tige verte, de fruits, de l\u00e9gumes et d\u2019herbes sauvages.<br \/><span style=\"color: #9e8763;\"><i>Go\u00fbt en bouche :<\/i><\/span> Entr\u00e9e \u00e9l\u00e9gante avec une amertume bien d\u00e9finie et une finale \u00e9pic\u00e9e enveloppante.<br \/><span style=\"color: #9e8763;\"><i>Arri\u00e8re-go\u00fbt:<\/i><\/span> Astringence et notes qui \u00e9voquent la feuille d\u2019olivier, l\u2019artichaut, la peau de banane et la laitue. Explorer la saveur <\/p>\n<h2><span style=\"color: #9e8763; font-size: 14pt;\">Caract\u00e9ristiques suppl\u00e9mentaires<\/span><\/h2>\n<p><span style=\"color: #9e8763;\"><i>L&rsquo;art de la singularit\u00e9 :<\/i><\/span> Reconnu pour son caract\u00e8re unique et son authenticit\u00e9 dans chaque goutte.<br \/><span style=\"color: #9e8763;\"><i>Production artisanale :<\/i><\/span> Fabriqu\u00e9 avec soin \u00e0 partir d&rsquo;olives s\u00e9lectionn\u00e9es.<br \/><span style=\"color: #9e8763;\"><i>Polyvalence gourmande :<\/i><\/span> Id\u00e9ale pour les salades, les accords mets-vins et les plats de marque.<\/p>\n","protected":false},"excerpt":{"rendered":"<p><span style=\"color: #9e8763;\">Classification<\/span> : Huile d&rsquo;olive vierge extra non filtr\u00e9e<br \/><span style=\"color: #9e8763;\">Origine :<\/span> Andalousie, Espagne<\/p>\n<p>Au <span style=\"color: #9e8763;\">c\u0153ur<\/span> de notre collection d&rsquo;huiles se trouve l&rsquo;huile d&rsquo;olive extra vierge <span style=\"color: #9e8763;\">Do\u00f1a \u00darsula<\/span> , produite selon un <span style=\"color: #9e8763;\">proc\u00e9d\u00e9 artisanal<\/span> qui pr\u00e9serve les saveurs naturelles des olives vertes. Cette huile est le choix parfait pour les amateurs d\u2019unicit\u00e9 culinaire. Le <span style=\"color: #9e8763;\">secret<\/span> de cette huile r\u00e9side dans la taille des olives de la vari\u00e9t\u00e9 Hojiblanca et dans leur r\u00e9colte pr\u00e9coce ; \u00c9tant <span style=\"color: #9e8763;\">plus petits que les autres<\/span> , ils conf\u00e8rent \u00e0 notre huile une saveur distinctive, fruit\u00e9e et puissante. Cela se traduit par le <span style=\"color: #9e8763;\">profil le plus authentique et le plus puissant de notre s\u00e9lection d&rsquo;huiles<\/span> , id\u00e9al pour ceux qui recherchent des exp\u00e9riences uniques.   <\/p>\n<p><span style=\"color: #9e8763;\">*Bo\u00eete cadeau incluse<\/span><\/p>\n","protected":false},"featured_media":1272,"comment_status":"open","ping_status":"closed","template":"","meta":{"iawp_total_views":44},"product_brand":[],"product_cat":[36],"product_tag":[],"class_list":{"0":"post-956","1":"product","2":"type-product","3":"status-publish","4":"has-post-thumbnail","6":"product_cat-huile-dolive","8":"first","9":"instock","10":"shipping-taxable","11":"purchasable","12":"product-type-simple"},"_links":{"self":[{"href":"https:\/\/martinberrocal.com\/fr\/wp-json\/wp\/v2\/product\/956","targetHints":{"allow":["GET"]}}],"collection":[{"href":"https:\/\/martinberrocal.com\/fr\/wp-json\/wp\/v2\/product"}],"about":[{"href":"https:\/\/martinberrocal.com\/fr\/wp-json\/wp\/v2\/types\/product"}],"replies":[{"embeddable":true,"href":"https:\/\/martinberrocal.com\/fr\/wp-json\/wp\/v2\/comments?post=956"}],"wp:featuredmedia":[{"embeddable":true,"href":"https:\/\/martinberrocal.com\/fr\/wp-json\/wp\/v2\/media\/1272"}],"wp:attachment":[{"href":"https:\/\/martinberrocal.com\/fr\/wp-json\/wp\/v2\/media?parent=956"}],"wp:term":[{"taxonomy":"product_brand","embeddable":true,"href":"https:\/\/martinberrocal.com\/fr\/wp-json\/wp\/v2\/product_brand?post=956"},{"taxonomy":"product_cat","embeddable":true,"href":"https:\/\/martinberrocal.com\/fr\/wp-json\/wp\/v2\/product_cat?post=956"},{"taxonomy":"product_tag","embeddable":true,"href":"https:\/\/martinberrocal.com\/fr\/wp-json\/wp\/v2\/product_tag?post=956"}],"curies":[{"name":"wp","href":"https:\/\/api.w.org\/{rel}","templated":true}]}}