{"id":951,"date":"2024-05-13T16:48:22","date_gmt":"2024-05-13T14:48:22","guid":{"rendered":"https:\/\/martinberrocal.com\/comprar\/huile-dolive-extra-vierge-biologique-non-filtree-500ml\/"},"modified":"2025-05-13T21:58:49","modified_gmt":"2025-05-13T19:58:49","slug":"huile-dolive-extra-vierge-biologique-non-filtree-500ml","status":"publish","type":"product","link":"https:\/\/martinberrocal.com\/fr\/comprar\/huile-dolive-extra-vierge-biologique-non-filtree-500ml\/","title":{"rendered":"Bio Non Filtr\u00e9 500Ml"},"content":{"rendered":"<p><span style=\"font-size: 12pt;\">D\u00e9couvrez le go\u00fbt de l&rsquo;huile d&rsquo;olive extra vierge biologique de Mart\u00edn Berrocal.<\/span><\/p>\n<h2><span style=\"color: #9e8763; font-size: 14pt;\">Notes de d\u00e9gustation<\/span><\/h2>\n<p><span style=\"color: #9e8763;\"><i>Fruit\u00e9:<\/i><\/span> Milieu d\u2019olive verte avec des notes herbac\u00e9es d\u2019herbe fra\u00eeche, de l\u00e9gumes (tomate verte), d\u2019arbres fruitiers et de plantes aromatiques.<br \/><span style=\"color: #9e8763;\"><i>Go\u00fbt en bouche :<\/i><\/span> Entr\u00e9e douce et agr\u00e9able avec une amertume et un piquant \u00e9quilibr\u00e9s. Le piquant final progresse avec persistance. <br \/><span style=\"color: #9e8763;\"><i>Arri\u00e8re-go\u00fbt:<\/i><\/span> L\u00e9g\u00e8re astringence et notes \u00e9voquant la feuille d\u2019olivier, les l\u00e9gumes frais et les plantes aromatiques.<\/p>\n<h2><span style=\"color: #9e8763; font-size: 14pt;\">Caract\u00e9ristiques suppl\u00e9mentaires<\/span><\/h2>\n<p><span style=\"color: #9e8763;\"><i>Cultiv\u00e9 biologiquement :<\/i><\/span> Produit dans des oliveraies certifi\u00e9es biologiques.<br \/><span style=\"color: #9e8763;\"><i>Respect de l&rsquo;environnement :<\/i><\/span> Engagement en faveur de la durabilit\u00e9 et du respect de l&rsquo;environnement naturel.<br \/><span style=\"color: #9e8763;\"><i>Polyvalence culinaire :<\/i><\/span> Parfaite pour les plats m\u00e9diterran\u00e9ens et les salades fra\u00eeches.<\/p>\n<p><img decoding=\"async\" style=\"width: 280px;\" src=\"https:\/\/martinberrocal.com\/wp-content\/uploads\/Certificacion-ecologica.jpg\"><\/p>\n","protected":false},"excerpt":{"rendered":"<p><span style=\"color: #9e8763;\">Classification<\/span> : Huile d&rsquo;olive vierge extra non filtr\u00e9e<br \/><span style=\"color: #9e8763;\">Origine :<\/span> Andalousie, Espagne<\/p>\n<p>Chaque goutte de cette huile d\u2019olive repr\u00e9sente un engagement envers la nature et la puret\u00e9 dans sa forme la plus authentique. Issue d\u2019olives de la vari\u00e9t\u00e9 Hojiblanca soigneusement cultiv\u00e9es en harmonie avec l\u2019environnement, cette <span style=\"color: #9e8763;\">huile biologique non filtr\u00e9e<\/span> se distingue par son processus <span style=\"color: #9e8763;\">artisanal<\/span> qui pr\u00e9serve l\u2019essence de l\u2019olive. Contrairement \u00e0 Do\u00f1a \u00darsula et Don Benedicto, ce profil offre une exp\u00e9rience d\u00e9licate et subtile mais nuanc\u00e9e, id\u00e9ale pour ceux qui appr\u00e9cient \u00e0 la fois <span style=\"color: #9e8763;\">la durabilit\u00e9<\/span> et <span style=\"color: #9e8763;\">l\u2019unicit\u00e9<\/span>. Rejoignez-nous dans ce voyage d\u2019authenticit\u00e9 culinaire, o\u00f9 chaque goutte enrichit non seulement vos plats, mais respecte et c\u00e9l\u00e8bre \u00e9galement l\u2019environnement qui nous entoure.   <\/p>\n<p><span style=\"color: #9e8763;\">*Bo\u00eete cadeau incluse<\/span><\/p>\n","protected":false},"featured_media":1266,"comment_status":"open","ping_status":"closed","template":"","meta":{"iawp_total_views":63},"product_brand":[],"product_cat":[36],"product_tag":[],"class_list":{"0":"post-951","1":"product","2":"type-product","3":"status-publish","4":"has-post-thumbnail","6":"product_cat-huile-dolive","8":"first","9":"instock","10":"shipping-taxable","11":"purchasable","12":"product-type-simple"},"_links":{"self":[{"href":"https:\/\/martinberrocal.com\/fr\/wp-json\/wp\/v2\/product\/951","targetHints":{"allow":["GET"]}}],"collection":[{"href":"https:\/\/martinberrocal.com\/fr\/wp-json\/wp\/v2\/product"}],"about":[{"href":"https:\/\/martinberrocal.com\/fr\/wp-json\/wp\/v2\/types\/product"}],"replies":[{"embeddable":true,"href":"https:\/\/martinberrocal.com\/fr\/wp-json\/wp\/v2\/comments?post=951"}],"wp:featuredmedia":[{"embeddable":true,"href":"https:\/\/martinberrocal.com\/fr\/wp-json\/wp\/v2\/media\/1266"}],"wp:attachment":[{"href":"https:\/\/martinberrocal.com\/fr\/wp-json\/wp\/v2\/media?parent=951"}],"wp:term":[{"taxonomy":"product_brand","embeddable":true,"href":"https:\/\/martinberrocal.com\/fr\/wp-json\/wp\/v2\/product_brand?post=951"},{"taxonomy":"product_cat","embeddable":true,"href":"https:\/\/martinberrocal.com\/fr\/wp-json\/wp\/v2\/product_cat?post=951"},{"taxonomy":"product_tag","embeddable":true,"href":"https:\/\/martinberrocal.com\/fr\/wp-json\/wp\/v2\/product_tag?post=951"}],"curies":[{"name":"wp","href":"https:\/\/api.w.org\/{rel}","templated":true}]}}