{"id":964,"date":"2024-05-23T10:09:31","date_gmt":"2024-05-23T08:09:31","guid":{"rendered":"https:\/\/martinberrocal.com\/termes-conditions\/"},"modified":"2024-09-10T09:22:44","modified_gmt":"2024-09-10T07:22:44","slug":"termes-conditions","status":"publish","type":"page","link":"https:\/\/martinberrocal.com\/fr\/termes-conditions\/","title":{"rendered":"Termes &amp; Conditions"},"content":{"rendered":"\t\t<div data-elementor-type=\"wp-page\" data-elementor-id=\"964\" class=\"elementor elementor-964 elementor-556\" data-elementor-post-type=\"page\">\n\t\t\t\t<div class=\"elementor-element elementor-element-dac46da e-flex e-con-boxed e-con e-parent\" data-id=\"dac46da\" data-element_type=\"container\" data-e-type=\"container\">\n\t\t\t\t\t<div class=\"e-con-inner\">\n\t\t\t\t<div class=\"elementor-element elementor-element-7577bfc animated-slow elementor-widget elementor-widget-heading\" data-id=\"7577bfc\" data-element_type=\"widget\" data-e-type=\"widget\" data-settings=\"{&quot;_animation&quot;:&quot;none&quot;,&quot;_animation_delay&quot;:300}\" data-widget_type=\"heading.default\">\n\t\t\t\t<div class=\"elementor-widget-container\">\n\t\t\t\t\t<h1 class=\"elementor-heading-title elementor-size-default\">TERMES ET CONDITIONS<\/h1>\t\t\t\t<\/div>\n\t\t\t\t<\/div>\n\t\t\t\t\t<\/div>\n\t\t\t\t<\/div>\n\t\t\t\t<section class=\"elementor-section elementor-top-section elementor-element elementor-element-5d1537db elementor-section-boxed elementor-section-height-default elementor-section-height-default\" data-id=\"5d1537db\" data-element_type=\"section\" data-e-type=\"section\">\n\t\t\t\t\t\t<div class=\"elementor-container elementor-column-gap-default\">\n\t\t\t\t\t<div class=\"elementor-column elementor-col-100 elementor-top-column elementor-element elementor-element-42002943\" data-id=\"42002943\" data-element_type=\"column\" data-e-type=\"column\">\n\t\t\t<div class=\"elementor-widget-wrap elementor-element-populated\">\n\t\t\t\t\t\t<div class=\"elementor-element elementor-element-1b6f5be9 elementor-widget elementor-widget-text-editor\" data-id=\"1b6f5be9\" data-element_type=\"widget\" data-e-type=\"widget\" data-widget_type=\"text-editor.default\">\n\t\t\t\t<div class=\"elementor-widget-container\">\n\t\t\t\t\t\t\t\t\t<p>Le site Web martinberrocal.com (ci-apr\u00e8s, le \u00ab Site Web \u00bb) EFECTO SOLUCIONES, SL (ci-apr\u00e8s, la \u00ab SOCI\u00c9T\u00c9 \u00bb), dont le si\u00e8ge social est situ\u00e9 Pol. Ind. San Nicol\u00e1s, Calle Siete, Nave 4 \u2013 41500 Alcal\u00e1 de Guadaira (S\u00e9ville) et CIF B91929539. Inscrit au Registre du Commerce de S\u00e9ville, Volume 5382, Folio 52, S 8, Feuille 89848 et Inscription 1.   <\/p>\n\t\t\t\t\t\t\t\t<\/div>\n\t\t\t\t<\/div>\n\t\t\t\t<div class=\"elementor-element elementor-element-1860af2 elementor-widget elementor-widget-text-editor\" data-id=\"1860af2\" data-element_type=\"widget\" data-e-type=\"widget\" data-widget_type=\"text-editor.default\">\n\t\t\t\t<div class=\"elementor-widget-container\">\n\t\t\t\t\t\t\t\t\t<p>Conform\u00e9ment aux dispositions de l&rsquo;article 10 de la loi 34\/2002 du 11 juillet sur les services de la soci\u00e9t\u00e9 de l&rsquo;information et du commerce \u00e9lectronique (\u00ab LSSICE \u00bb), nous mettons \u00e0 votre disposition les conditions de vente relatives au prix des produits propos\u00e9s via le site internet martinberrocal.com<\/p>\n\t\t\t\t\t\t\t\t<\/div>\n\t\t\t\t<\/div>\n\t\t\t\t<div class=\"elementor-element elementor-element-21a9797 elementor-widget elementor-widget-heading\" data-id=\"21a9797\" data-element_type=\"widget\" data-e-type=\"widget\" data-widget_type=\"heading.default\">\n\t\t\t\t<div class=\"elementor-widget-container\">\n\t\t\t\t\t<h2 class=\"elementor-heading-title elementor-size-default\">TERRITOIRE D'APPLICATION<\/h2>\t\t\t\t<\/div>\n\t\t\t\t<\/div>\n\t\t\t\t<div class=\"elementor-element elementor-element-6fabefd0 elementor-widget elementor-widget-text-editor\" data-id=\"6fabefd0\" data-element_type=\"widget\" data-e-type=\"widget\" data-widget_type=\"text-editor.default\">\n\t\t\t\t<div class=\"elementor-widget-container\">\n\t\t\t\t\t\t\t\t\t<p>Le site martinberrocal.com permet uniquement l&rsquo;achat de produits qui seront livr\u00e9s dans la p\u00e9ninsule ib\u00e9rique et les \u00eeles Bal\u00e9ares.<\/p>\n\t\t\t\t\t\t\t\t<\/div>\n\t\t\t\t<\/div>\n\t\t\t\t<div class=\"elementor-element elementor-element-046bca5 elementor-widget elementor-widget-text-editor\" data-id=\"046bca5\" data-element_type=\"widget\" data-e-type=\"widget\" data-widget_type=\"text-editor.default\">\n\t\t\t\t<div class=\"elementor-widget-container\">\n\t\t\t\t\t\t\t\t\t<p>Le site martinberrocal.com permet uniquement l&rsquo;achat de produits qui seront livr\u00e9s dans la p\u00e9ninsule ib\u00e9rique et les \u00eeles Bal\u00e9ares.<\/p>\n\t\t\t\t\t\t\t\t<\/div>\n\t\t\t\t<\/div>\n\t\t\t\t\t<\/div>\n\t\t<\/div>\n\t\t\t\t\t<\/div>\n\t\t<\/section>\n\t\t\t\t<section class=\"elementor-section elementor-top-section elementor-element elementor-element-66332765 elementor-section-boxed elementor-section-height-default elementor-section-height-default\" data-id=\"66332765\" data-element_type=\"section\" data-e-type=\"section\">\n\t\t\t\t\t\t<div class=\"elementor-container elementor-column-gap-default\">\n\t\t\t\t\t<div class=\"elementor-column elementor-col-100 elementor-top-column elementor-element elementor-element-7b6b0db3\" data-id=\"7b6b0db3\" data-element_type=\"column\" data-e-type=\"column\">\n\t\t\t<div class=\"elementor-widget-wrap elementor-element-populated\">\n\t\t\t\t\t\t<div class=\"elementor-element elementor-element-4d23a2b8 elementor-widget elementor-widget-heading\" data-id=\"4d23a2b8\" data-element_type=\"widget\" data-e-type=\"widget\" data-widget_type=\"heading.default\">\n\t\t\t\t<div class=\"elementor-widget-container\">\n\t\t\t\t\t<h2 class=\"elementor-heading-title elementor-size-default\">TARIFS<\/h2>\t\t\t\t<\/div>\n\t\t\t\t<\/div>\n\t\t\t\t\t<\/div>\n\t\t<\/div>\n\t\t\t\t\t<\/div>\n\t\t<\/section>\n\t\t\t\t<section class=\"elementor-section elementor-top-section elementor-element elementor-element-6cc34699 elementor-section-boxed elementor-section-height-default elementor-section-height-default\" data-id=\"6cc34699\" data-element_type=\"section\" data-e-type=\"section\">\n\t\t\t\t\t\t<div class=\"elementor-container elementor-column-gap-default\">\n\t\t\t\t\t<div class=\"elementor-column elementor-col-100 elementor-top-column elementor-element elementor-element-384ba7a3\" data-id=\"384ba7a3\" data-element_type=\"column\" data-e-type=\"column\">\n\t\t\t<div class=\"elementor-widget-wrap elementor-element-populated\">\n\t\t\t\t\t\t<div class=\"elementor-element elementor-element-6bd4e4c2 elementor-widget elementor-widget-text-editor\" data-id=\"6bd4e4c2\" data-element_type=\"widget\" data-e-type=\"widget\" data-widget_type=\"text-editor.default\">\n\t\t\t\t<div class=\"elementor-widget-container\">\n\t\t\t\t\t\t\t\t\t<p>Les prix des produits apparaissent toujours avec les taxes correspondantes applicables \u00e0 tout moment et notamment avec le pourcentage de TVA correspondant.<br \/> <b>martinberrocal.com<\/b> <span style=\"font-weight: 400;\">se r\u00e9serve le droit de modifier ses prix \u00e0 sa discr\u00e9tion et sans pr\u00e9avis.<\/span><\/p>\n\t\t\t\t\t\t\t\t<\/div>\n\t\t\t\t<\/div>\n\t\t\t\t\t<\/div>\n\t\t<\/div>\n\t\t\t\t\t<\/div>\n\t\t<\/section>\n\t\t\t\t<section class=\"elementor-section elementor-top-section elementor-element elementor-element-5de267b4 elementor-section-boxed elementor-section-height-default elementor-section-height-default\" data-id=\"5de267b4\" data-element_type=\"section\" data-e-type=\"section\">\n\t\t\t\t\t\t<div class=\"elementor-container elementor-column-gap-default\">\n\t\t\t\t\t<div class=\"elementor-column elementor-col-100 elementor-top-column elementor-element elementor-element-22e0bf42\" data-id=\"22e0bf42\" data-element_type=\"column\" data-e-type=\"column\">\n\t\t\t<div class=\"elementor-widget-wrap elementor-element-populated\">\n\t\t\t\t\t\t<div class=\"elementor-element elementor-element-0c499d3 elementor-widget elementor-widget-heading\" data-id=\"0c499d3\" data-element_type=\"widget\" data-e-type=\"widget\" data-widget_type=\"heading.default\">\n\t\t\t\t<div class=\"elementor-widget-container\">\n\t\t\t\t\t<h2 class=\"elementor-heading-title elementor-size-default\">FRAIS D'EXP\u00c9DITION<\/h2>\t\t\t\t<\/div>\n\t\t\t\t<\/div>\n\t\t\t\t<div class=\"elementor-element elementor-element-6df2ab7e elementor-widget elementor-widget-text-editor\" data-id=\"6df2ab7e\" data-element_type=\"widget\" data-e-type=\"widget\" data-widget_type=\"text-editor.default\">\n\t\t\t\t<div class=\"elementor-widget-container\">\n\t\t\t\t\t\t\t\t\t<p>Toute commande fait l&rsquo;objet de frais de transport forfaitaires de 3,90 \u20ac. Pour les commandes sup\u00e9rieures \u00e0 60 \u20ac, le prix du transport sera de 0 \u20ac. <\/p>\n\t\t\t\t\t\t\t\t<\/div>\n\t\t\t\t<\/div>\n\t\t\t\t\t<\/div>\n\t\t<\/div>\n\t\t\t\t\t<\/div>\n\t\t<\/section>\n\t\t\t\t<section class=\"elementor-section elementor-top-section elementor-element elementor-element-238863a9 elementor-section-boxed elementor-section-height-default elementor-section-height-default\" data-id=\"238863a9\" data-element_type=\"section\" data-e-type=\"section\">\n\t\t\t\t\t\t<div class=\"elementor-container elementor-column-gap-default\">\n\t\t\t\t\t<div class=\"elementor-column elementor-col-100 elementor-top-column elementor-element elementor-element-218bc117\" data-id=\"218bc117\" data-element_type=\"column\" data-e-type=\"column\">\n\t\t\t<div class=\"elementor-widget-wrap elementor-element-populated\">\n\t\t\t\t\t\t<div class=\"elementor-element elementor-element-28f4aba elementor-widget elementor-widget-heading\" data-id=\"28f4aba\" data-element_type=\"widget\" data-e-type=\"widget\" data-widget_type=\"heading.default\">\n\t\t\t\t<div class=\"elementor-widget-container\">\n\t\t\t\t\t<h2 class=\"elementor-heading-title elementor-size-default\">D\u00c9LAIS DE LIVRAISON<\/h2>\t\t\t\t<\/div>\n\t\t\t\t<\/div>\n\t\t\t\t<div class=\"elementor-element elementor-element-2b7b622a elementor-widget elementor-widget-text-editor\" data-id=\"2b7b622a\" data-element_type=\"widget\" data-e-type=\"widget\" data-widget_type=\"text-editor.default\">\n\t\t\t\t<div class=\"elementor-widget-container\">\n\t\t\t\t\t\t\t\t\t<p>Dans la plupart des cas, la livraison sera effectu\u00e9e dans un d\u00e9lai maximum de 48 heures \u00e0 compter de la sortie de notre entrep\u00f4t. Le transporteur vous informera par email de l&rsquo;\u00e9tat de l&rsquo;envoi.<br \/> Les conditions et d\u00e9lais de livraison peuvent \u00eatre modifi\u00e9s par des cas de force majeure ou des circonstances calendaires, telles que l&rsquo;appel \u00e0 la gr\u00e8ve dans le secteur des transports ou la c\u00e9l\u00e9bration de jours f\u00e9ri\u00e9s provinciaux, r\u00e9gionaux ou nationaux. <\/p>\n\t\t\t\t\t\t\t\t<\/div>\n\t\t\t\t<\/div>\n\t\t\t\t\t<\/div>\n\t\t<\/div>\n\t\t\t\t\t<\/div>\n\t\t<\/section>\n\t\t\t\t<section class=\"elementor-section elementor-top-section elementor-element elementor-element-3fb592ae elementor-section-boxed elementor-section-height-default elementor-section-height-default\" data-id=\"3fb592ae\" data-element_type=\"section\" data-e-type=\"section\">\n\t\t\t\t\t\t<div class=\"elementor-container elementor-column-gap-default\">\n\t\t\t\t\t<div class=\"elementor-column elementor-col-100 elementor-top-column elementor-element elementor-element-45824a73\" data-id=\"45824a73\" data-element_type=\"column\" data-e-type=\"column\">\n\t\t\t<div class=\"elementor-widget-wrap elementor-element-populated\">\n\t\t\t\t\t\t<div class=\"elementor-element elementor-element-c75614c elementor-widget elementor-widget-heading\" data-id=\"c75614c\" data-element_type=\"widget\" data-e-type=\"widget\" data-widget_type=\"heading.default\">\n\t\t\t\t<div class=\"elementor-widget-container\">\n\t\t\t\t\t<h2 class=\"elementor-heading-title elementor-size-default\">RETOURS ET R\u00c9CLAMATIONS<\/h2>\t\t\t\t<\/div>\n\t\t\t\t<\/div>\n\t\t\t\t<div class=\"elementor-element elementor-element-7721f4e7 elementor-widget elementor-widget-text-editor\" data-id=\"7721f4e7\" data-element_type=\"widget\" data-e-type=\"widget\" data-widget_type=\"text-editor.default\">\n\t\t\t\t<div class=\"elementor-widget-container\">\n\t\t\t\t\t\t\t\t\t<p>Pour tout retour ou r\u00e9clamation LA SOCI\u00c9T\u00c9 appliquera \u00e0 tout moment la l\u00e9gislation en vigueur.<br><br> <b>martinberrocal.com<\/b> <span style=\"font-weight: 400;\">n&rsquo;acceptera pas les retours de produits ouverts ou manipul\u00e9s sauf si un d\u00e9faut dans l&rsquo;\u00e9tat de l&rsquo;article a \u00e9t\u00e9 d\u00e9tect\u00e9 lors de l&rsquo;ouverture et pourrait affecter sa consommation.<\/span><br><br><\/p>\n<p><span style=\"font-weight: 400;\">Les retours seront accept\u00e9s dans l\u2019un des cas suivants&nbsp;:<\/span><\/p>\n<ul>\n<li style=\"font-weight: 400;\" aria-level=\"1\"><span style=\"font-weight: 400;\">Dommages dus au transport<\/span><\/li>\n<li style=\"font-weight: 400;\" aria-level=\"1\"><span style=\"font-weight: 400;\">Produit en mauvais \u00e9tat non d\u00e9tect\u00e9 par nos soins<\/span><\/li>\n<\/ul>\n<p>Pour effectuer toute r\u00e9clamation ou retour vous pouvez nous contacter par email : <a class=\"ql-link\" href=\"mailto:info@martinberrocal.com\" target=\"_blank\" rel=\"noopener noreferrer\">info@martinberrocal.com<\/a> ou par t\u00e9l\u00e9phone : 954 40 90 40.<br><br>La SOCI\u00c9T\u00c9 tentera dans un premier temps d&rsquo;\u00e9changer les produits retourn\u00e9s. Si cela n&rsquo;est pas possible, le montant pay\u00e9 sera rembours\u00e9. <br><br>Pour l&rsquo;application des dispositions du droit de la consommation et du droit de r\u00e9tractation, les utilisateurs sont inform\u00e9s qu&rsquo;ils disposent d&rsquo;un d\u00e9lai de sept jours ouvrables \u00e0 compter de la r\u00e9ception de la marchandise pour exercer le droit de r\u00e9tractation dans les cas pr\u00e9vus par la loi.<br><br>Notre engagement est de traiter toute plainte de nos clients avec l&rsquo;intention d&rsquo;atteindre un haut niveau de satisfaction.<br><br><\/p>\t\t\t\t\t\t\t\t<\/div>\n\t\t\t\t<\/div>\n\t\t\t\t\t<\/div>\n\t\t<\/div>\n\t\t\t\t\t<\/div>\n\t\t<\/section>\n\t\t\t\t<section class=\"elementor-section elementor-top-section elementor-element elementor-element-5369ddda elementor-section-boxed elementor-section-height-default elementor-section-height-default\" data-id=\"5369ddda\" data-element_type=\"section\" data-e-type=\"section\">\n\t\t\t\t\t\t<div class=\"elementor-container elementor-column-gap-default\">\n\t\t\t\t\t<div class=\"elementor-column elementor-col-100 elementor-top-column elementor-element elementor-element-521260a7\" data-id=\"521260a7\" data-element_type=\"column\" data-e-type=\"column\">\n\t\t\t<div class=\"elementor-widget-wrap elementor-element-populated\">\n\t\t\t\t\t\t<div class=\"elementor-element elementor-element-510a89d elementor-widget elementor-widget-heading\" data-id=\"510a89d\" data-element_type=\"widget\" data-e-type=\"widget\" data-widget_type=\"heading.default\">\n\t\t\t\t<div class=\"elementor-widget-container\">\n\t\t\t\t\t<h2 class=\"elementor-heading-title elementor-size-default\">MODE DE PAIEMENT<\/h2>\t\t\t\t<\/div>\n\t\t\t\t<\/div>\n\t\t\t\t<div class=\"elementor-element elementor-element-4a34da7 elementor-widget elementor-widget-text-editor\" data-id=\"4a34da7\" data-element_type=\"widget\" data-e-type=\"widget\" data-widget_type=\"text-editor.default\">\n\t\t\t\t<div class=\"elementor-widget-container\">\n\t\t\t\t\t\t\t\t\t<p>Les modes de paiement accept\u00e9s dans la boutique en ligne sont le paiement par carte ou bizum. Pour tout autre mode de paiement vous pouvez nous contacter. <\/p>\n\t\t\t\t\t\t\t\t<\/div>\n\t\t\t\t<\/div>\n\t\t\t\t\t<\/div>\n\t\t<\/div>\n\t\t\t\t\t<\/div>\n\t\t<\/section>\n\t\t\t\t<\/div>\n\t\t","protected":false},"excerpt":{"rendered":"<p>TERMES ET CONDITIONS Le site Web martinberrocal.com (ci-apr\u00e8s, le \u00ab Site Web \u00bb) EFECTO SOLUCIONES, SL (ci-apr\u00e8s, la \u00ab SOCI\u00c9T\u00c9 \u00bb), dont le si\u00e8ge social est situ\u00e9 Pol. Ind. San Nicol\u00e1s, Calle Siete, Nave 4 \u2013 41500 Alcal\u00e1 de Guadaira (S\u00e9ville) et CIF B91929539. Inscrit au Registre du Commerce de S\u00e9ville, Volume 5382, Folio 52, [&hellip;]<\/p>\n","protected":false},"author":1,"featured_media":0,"parent":0,"menu_order":0,"comment_status":"closed","ping_status":"closed","template":"","meta":{"iawp_total_views":2,"footnotes":""},"class_list":["post-964","page","type-page","status-publish","hentry"],"_links":{"self":[{"href":"https:\/\/martinberrocal.com\/fr\/wp-json\/wp\/v2\/pages\/964","targetHints":{"allow":["GET"]}}],"collection":[{"href":"https:\/\/martinberrocal.com\/fr\/wp-json\/wp\/v2\/pages"}],"about":[{"href":"https:\/\/martinberrocal.com\/fr\/wp-json\/wp\/v2\/types\/page"}],"author":[{"embeddable":true,"href":"https:\/\/martinberrocal.com\/fr\/wp-json\/wp\/v2\/users\/1"}],"replies":[{"embeddable":true,"href":"https:\/\/martinberrocal.com\/fr\/wp-json\/wp\/v2\/comments?post=964"}],"version-history":[{"count":1,"href":"https:\/\/martinberrocal.com\/fr\/wp-json\/wp\/v2\/pages\/964\/revisions"}],"predecessor-version":[{"id":965,"href":"https:\/\/martinberrocal.com\/fr\/wp-json\/wp\/v2\/pages\/964\/revisions\/965"}],"wp:attachment":[{"href":"https:\/\/martinberrocal.com\/fr\/wp-json\/wp\/v2\/media?parent=964"}],"curies":[{"name":"wp","href":"https:\/\/api.w.org\/{rel}","templated":true}]}}