{"id":881,"date":"2024-05-09T16:22:01","date_gmt":"2024-05-09T14:22:01","guid":{"rendered":"https:\/\/martinberrocal.com\/notre-histoire\/"},"modified":"2025-05-13T21:58:47","modified_gmt":"2025-05-13T19:58:47","slug":"notre-histoire","status":"publish","type":"page","link":"https:\/\/martinberrocal.com\/fr\/notre-histoire\/","title":{"rendered":"Histoire"},"content":{"rendered":"\t\t<div data-elementor-type=\"wp-page\" data-elementor-id=\"881\" class=\"elementor elementor-881 elementor-25\" data-elementor-post-type=\"page\">\n\t\t\t\t<div class=\"elementor-element elementor-element-e7cc20e e-flex e-con-boxed e-con e-parent\" data-id=\"e7cc20e\" data-element_type=\"container\" data-e-type=\"container\" data-settings=\"{&quot;background_background&quot;:&quot;classic&quot;}\">\n\t\t\t\t\t<div class=\"e-con-inner\">\n\t\t<div class=\"elementor-element elementor-element-a794906 e-con-full animated-slow e-flex elementor-invisible e-con e-child\" data-id=\"a794906\" data-element_type=\"container\" data-e-type=\"container\" data-settings=\"{&quot;animation&quot;:&quot;fadeInLeft&quot;,&quot;animation_delay&quot;:300}\">\n\t\t\t\t<div class=\"elementor-element elementor-element-37ebcee elementor-widget elementor-widget-heading\" data-id=\"37ebcee\" data-element_type=\"widget\" data-e-type=\"widget\" data-widget_type=\"heading.default\">\n\t\t\t\t<div class=\"elementor-widget-container\">\n\t\t\t\t\t<h1 class=\"elementor-heading-title elementor-size-default\">QUI SOMMES-NOUS<\/h1>\t\t\t\t<\/div>\n\t\t\t\t<\/div>\n\t\t\t\t<div class=\"elementor-element elementor-element-a044ac6 elementor-widget elementor-widget-heading\" data-id=\"a044ac6\" data-element_type=\"widget\" data-e-type=\"widget\" data-widget_type=\"heading.default\">\n\t\t\t\t<div class=\"elementor-widget-container\">\n\t\t\t\t\t<h2 class=\"elementor-heading-title elementor-size-default\">Les huiles Mart\u00edn Berrocal : une histoire de tradition, de terre et d\u2019excellence<\/h2>\t\t\t\t<\/div>\n\t\t\t\t<\/div>\n\t\t\t\t<div class=\"elementor-element elementor-element-edeec9d elementor-widget elementor-widget-text-editor\" data-id=\"edeec9d\" data-element_type=\"widget\" data-e-type=\"widget\" data-widget_type=\"text-editor.default\">\n\t\t\t\t<div class=\"elementor-widget-container\">\n\t\t\t\t\t\t\t\t\t<p>Au c\u0153ur de l\u2019Andalousie, o\u00f9 l\u2019olivier est un symbole de vie, l\u2019essence d\u2019Aceites Mart\u00edn Berrocal est n\u00e9e. Notre histoire a commenc\u00e9 avec le lien profond entre la terre, l\u2019agriculture et l\u2019\u00e9levage, piliers qui ont forg\u00e9 une fa\u00e7on de comprendre l\u2019origine, le temps et la saveur. <\/p>\t\t\t\t\t\t\t\t<\/div>\n\t\t\t\t<\/div>\n\t\t\t\t<div class=\"elementor-element elementor-element-d80dff2 elementor-widget elementor-widget-heading\" data-id=\"d80dff2\" data-element_type=\"widget\" data-e-type=\"widget\" data-widget_type=\"heading.default\">\n\t\t\t\t<div class=\"elementor-widget-container\">\n\t\t\t\t\t<h2 class=\"elementor-heading-title elementor-size-default\">L\u2019origine et ses racines<\/h2>\t\t\t\t<\/div>\n\t\t\t\t<\/div>\n\t\t\t\t<div class=\"elementor-element elementor-element-432444c elementor-widget elementor-widget-text-editor\" data-id=\"432444c\" data-element_type=\"widget\" data-e-type=\"widget\" data-widget_type=\"text-editor.default\">\n\t\t\t\t<div class=\"elementor-widget-container\">\n\t\t\t\t\t\t\t\t\t<p><span style=\"color: #9e8763; font-weight: 400;\">Il y a plus d\u2019un demi-si\u00e8cle<\/span>, la famille Mart\u00edn Berrocal s\u2019est install\u00e9e dans diff\u00e9rentes r\u00e9gions d\u2019Andalousie, o\u00f9 le temps se mesure en r\u00e9coltes et o\u00f9 la terre est un h\u00e9ritage vivant. <span style=\"color: #9e8763; font-weight: 400;\">L\u2019\u00e9levage du b\u00e9tail et la culture de la terre<\/span> ont \u00e9t\u00e9 les premiers chapitres d\u2019une longue vie li\u00e9e \u00e0 la campagne, et au respect du rythme de la nature. C\u2019est dans cet environnement que l\u2019olivier a trouv\u00e9 sa place : une huile n\u00e9e de l\u2019exp\u00e9rience agricole, du d\u00e9vouement et de la patience h\u00e9rit\u00e9s de g\u00e9n\u00e9ration en g\u00e9n\u00e9ration. <\/p>\n<p>La production d\u2019huile \u00e9tait un art raffin\u00e9, elle n\u2019\u00e9tait pas comprise comme un acte purement industriel, mais comme le prolongement d\u2019une tradition. Ce <span style=\"color: #9e8763; font-weight: 400;\">caract\u00e8re limit\u00e9 et exclusif<\/span> de la production a permis \u00e0 notre collection de rester une denr\u00e9e pr\u00e9cieuse, une tradition qui, loin d\u2019\u00eatre commercialis\u00e9e en grande quantit\u00e9, \u00e9tait propos\u00e9e en quantit\u00e9s contenues et soigneusement s\u00e9lectionn\u00e9es. <\/p>\t\t\t\t\t\t\t\t<\/div>\n\t\t\t\t<\/div>\n\t\t\t\t<div class=\"elementor-element elementor-element-dfa90ec elementor-widget elementor-widget-heading\" data-id=\"dfa90ec\" data-element_type=\"widget\" data-e-type=\"widget\" data-widget_type=\"heading.default\">\n\t\t\t\t<div class=\"elementor-widget-container\">\n\t\t\t\t\t<h2 class=\"elementor-heading-title elementor-size-default\">Le passage vers l\u2019avenir : tradition et modernit\u00e9<\/h2>\t\t\t\t<\/div>\n\t\t\t\t<\/div>\n\t\t\t\t<div class=\"elementor-element elementor-element-3809c28 elementor-widget elementor-widget-text-editor\" data-id=\"3809c28\" data-element_type=\"widget\" data-e-type=\"widget\" data-widget_type=\"text-editor.default\">\n\t\t\t\t<div class=\"elementor-widget-container\">\n\t\t\t\t\t\t\t\t\t<p>L\u2019excellence ne s\u2019improvise pas. Au fil du temps, la famille a d\u00e9cid\u00e9 de partager cela<br>L\u2019h\u00e9ritage donnant vie \u00e0 une marque qui alliait tradition et avant-garde. C\u2019est ainsi qu\u2019est n\u00e9e Aceites Mart\u00edn Berrocal : une <span style=\"color: #9e8763; font-weight: 400;\">s\u00e9lection limit\u00e9e d\u2019huiles<\/span> \u00e0 base de<br>Le r\u00e9sultat de vendanges m\u00e9ticuleuses et d\u2019une vision moderne qui respecte l\u2019origine. Sans h\u00e2te, sans perdre l\u2019\u00e2me, emmenant le caract\u00e8re andalou au-del\u00e0 de notre<br>Fronti\u00e8res. Le pas vers la commercialisation d\u2019Aceites Mart\u00edn Berrocal <span style=\"color: #9e8763; font-weight: 400;\">n\u2019\u00e9tait pas un pas vers la massification, mais vers la sophistication<\/span>.    <\/p>\t\t\t\t\t\t\t\t<\/div>\n\t\t\t\t<\/div>\n\t\t\t\t<div class=\"elementor-element elementor-element-8f76c82 elementor-widget elementor-widget-heading\" data-id=\"8f76c82\" data-element_type=\"widget\" data-e-type=\"widget\" data-widget_type=\"heading.default\">\n\t\t\t\t<div class=\"elementor-widget-container\">\n\t\t\t\t\t<h2 class=\"elementor-heading-title elementor-size-default\">Une histoire qui continue : la passion de l\u2019authentique<\/h2>\t\t\t\t<\/div>\n\t\t\t\t<\/div>\n\t\t\t\t<div class=\"elementor-element elementor-element-dafca79 elementor-widget elementor-widget-text-editor\" data-id=\"dafca79\" data-element_type=\"widget\" data-e-type=\"widget\" data-widget_type=\"text-editor.default\">\n\t\t\t\t<div class=\"elementor-widget-container\">\n\t\t\t\t\t\t\t\t\t<p>Aujourd\u2019hui, notre philosophie reste intacte : <span style=\"color: #9e8763; font-weight: 400;\">prot\u00e9ger l\u2019authentique<\/span>. Nous continuons \u00e0 s\u00e9lectionner les meilleures olives, en combinant la sagesse traditionnelle avec des pratiques durables telles que la d\u00e9cantation naturelle, en renfor\u00e7ant les vertus du produit sans l\u2019alt\u00e9rer. Chaque r\u00e9f\u00e9rence renferme l\u2019engagement envers notre histoire, envers la terre qui nous a vu grandir et envers un savoir qui \u00e9volue sans renoncer \u00e0 ses racines.  <\/p>\n<p>Aceites Mart\u00edn Berrocal n\u2019est pas le r\u00e9sultat d\u2019une histoire, mais d\u2019un r\u00e9cit en constante \u00e9volution. Une marque qui a fait du temps son meilleur alli\u00e9, pour avancer sans perdre la boussole de l\u2019essentiel. Dans un monde de plus en plus rapide, nous choisissons de suivre notre propre chemin : <span style=\"color: #9e8763; font-weight: 400;\">celui du d\u00e9tail, de la pause, du respect des processus naturels<\/span>.  <\/p>\n<p>Notre mission n\u2019est pas de produire plus, mais mieux. Cultiver des relations solides avec ceux qui partagent notre engagement envers la qualit\u00e9. Inspirer par l\u2019authenticit\u00e9. Et de continuer \u00e0 \u00e9lever l\u2019huile d\u2019olive vierge extra \u00e0 la place qu\u2019elle m\u00e9rite dans l\u2019univers gastronomique.   <\/p>\n<p>Parce que ce qui a vraiment de la valeur ne change pas avec les modes. Il \u00e9volue, se perfectionne, mais <span style=\"color: #9e8763; font-weight: 400;\">reste fid\u00e8le \u00e0 son essence<\/span>. C\u2019est ainsi que l\u2019histoire d\u2019Aceites Mart\u00edn Berrocal se projette dans l\u2019avenir : avec la s\u00e9r\u00e9nit\u00e9 de quelqu\u2019un qui conna\u00eet son origine et l\u2019ambition de quelqu\u2019un qui aspire \u00e0 continuer \u00e0 faire la diff\u00e9rence.  <\/p>\t\t\t\t\t\t\t\t<\/div>\n\t\t\t\t<\/div>\n\t\t\t\t<div class=\"elementor-element elementor-element-5182ee2 elementor-align-center elementor-widget elementor-widget-button\" data-id=\"5182ee2\" data-element_type=\"widget\" data-e-type=\"widget\" data-widget_type=\"button.default\">\n\t\t\t\t<div class=\"elementor-widget-container\">\n\t\t\t\t\t\t\t\t\t<div class=\"elementor-button-wrapper\">\n\t\t\t\t\t<a class=\"elementor-button elementor-button-link elementor-size-sm\" href=\"https:\/\/martinberrocal.com\/fr\/contact\/\">\n\t\t\t\t\t\t<span class=\"elementor-button-content-wrapper\">\n\t\t\t\t\t\t\t\t\t<span class=\"elementor-button-text\">Contactez nous<\/span>\n\t\t\t\t\t<\/span>\n\t\t\t\t\t<\/a>\n\t\t\t\t<\/div>\n\t\t\t\t\t\t\t\t<\/div>\n\t\t\t\t<\/div>\n\t\t\t\t<\/div>\n\t\t<div class=\"elementor-element elementor-element-b948a08 e-con-full elementor-hidden-mobile e-flex e-con e-child\" data-id=\"b948a08\" data-element_type=\"container\" data-e-type=\"container\" data-settings=\"{&quot;background_background&quot;:&quot;classic&quot;}\">\n\t\t\t\t<\/div>\n\t\t\t\t\t<\/div>\n\t\t\t\t<\/div>\n\t\t\t\t<\/div>\n\t\t","protected":false},"excerpt":{"rendered":"<p>QUI SOMMES-NOUS Les huiles Mart\u00edn Berrocal : une histoire de tradition, de terre et d\u2019excellence Au c\u0153ur de l\u2019Andalousie, o\u00f9 l\u2019olivier est un symbole de vie, l\u2019essence d\u2019Aceites Mart\u00edn Berrocal est n\u00e9e. Notre histoire a commenc\u00e9 avec le lien profond entre la terre, l\u2019agriculture et l\u2019\u00e9levage, piliers qui ont forg\u00e9 une fa\u00e7on de comprendre l\u2019origine, [&hellip;]<\/p>\n","protected":false},"author":1,"featured_media":0,"parent":0,"menu_order":0,"comment_status":"closed","ping_status":"closed","template":"","meta":{"iawp_total_views":45,"footnotes":""},"class_list":["post-881","page","type-page","status-publish","hentry"],"_links":{"self":[{"href":"https:\/\/martinberrocal.com\/fr\/wp-json\/wp\/v2\/pages\/881","targetHints":{"allow":["GET"]}}],"collection":[{"href":"https:\/\/martinberrocal.com\/fr\/wp-json\/wp\/v2\/pages"}],"about":[{"href":"https:\/\/martinberrocal.com\/fr\/wp-json\/wp\/v2\/types\/page"}],"author":[{"embeddable":true,"href":"https:\/\/martinberrocal.com\/fr\/wp-json\/wp\/v2\/users\/1"}],"replies":[{"embeddable":true,"href":"https:\/\/martinberrocal.com\/fr\/wp-json\/wp\/v2\/comments?post=881"}],"version-history":[{"count":5,"href":"https:\/\/martinberrocal.com\/fr\/wp-json\/wp\/v2\/pages\/881\/revisions"}],"predecessor-version":[{"id":1347,"href":"https:\/\/martinberrocal.com\/fr\/wp-json\/wp\/v2\/pages\/881\/revisions\/1347"}],"wp:attachment":[{"href":"https:\/\/martinberrocal.com\/fr\/wp-json\/wp\/v2\/media?parent=881"}],"curies":[{"name":"wp","href":"https:\/\/api.w.org\/{rel}","templated":true}]}}