{"id":989,"date":"2024-05-09T16:19:34","date_gmt":"2024-05-09T14:19:34","guid":{"rendered":"https:\/\/martinberrocal.com\/our-oil\/"},"modified":"2025-05-13T18:12:22","modified_gmt":"2025-05-13T16:12:22","slug":"our-oil","status":"publish","type":"page","link":"https:\/\/martinberrocal.com\/en\/our-oil\/","title":{"rendered":"Our oil"},"content":{"rendered":"\t\t<div data-elementor-type=\"wp-page\" data-elementor-id=\"989\" class=\"elementor elementor-989 elementor-26\" data-elementor-post-type=\"page\">\n\t\t\t\t<div class=\"elementor-element elementor-element-6665c5c e-flex e-con-boxed e-con e-parent\" data-id=\"6665c5c\" data-element_type=\"container\" data-e-type=\"container\">\n\t\t\t\t\t<div class=\"e-con-inner\">\n\t\t\t\t<div class=\"elementor-element elementor-element-d4e7f27 elementor-widget elementor-widget-heading\" data-id=\"d4e7f27\" data-element_type=\"widget\" data-e-type=\"widget\" data-widget_type=\"heading.default\">\n\t\t\t\t<div class=\"elementor-widget-container\">\n\t\t\t\t\t<h1 class=\"elementor-heading-title elementor-size-default\">Andalusia, the heart of olive oil<\/h1>\t\t\t\t<\/div>\n\t\t\t\t<\/div>\n\t\t\t\t<div class=\"elementor-element elementor-element-7a80319 elementor-widget-mobile__width-initial elementor-widget elementor-widget-text-editor\" data-id=\"7a80319\" data-element_type=\"widget\" data-e-type=\"widget\" data-widget_type=\"text-editor.default\">\n\t\t\t\t<div class=\"elementor-widget-container\">\n\t\t\t\t\t\t\t\t\t<p>Andalusia, with its rich heritage in olive oil production, is the privileged location for our olive groves.  <br>Its fertile lands and Mediterranean climate provide the ideal environment for cultivation. This region, the cradle of our production, is synonymous with tradition, quality and authenticity in every drop of our oil. <\/p>\t\t\t\t\t\t\t\t<\/div>\n\t\t\t\t<\/div>\n\t\t\t\t\t<\/div>\n\t\t\t\t<\/div>\n\t\t<div class=\"elementor-element elementor-element-49c6a4c e-flex e-con-boxed e-con e-parent\" data-id=\"49c6a4c\" data-element_type=\"container\" data-e-type=\"container\" data-settings=\"{&quot;background_background&quot;:&quot;classic&quot;}\">\n\t\t\t\t\t<div class=\"e-con-inner\">\n\t\t\t\t\t<\/div>\n\t\t\t\t<\/div>\n\t\t<div class=\"elementor-element elementor-element-c2d39de e-flex e-con-boxed e-con e-parent\" data-id=\"c2d39de\" data-element_type=\"container\" data-e-type=\"container\">\n\t\t\t\t\t<div class=\"e-con-inner\">\n\t\t<div class=\"elementor-element elementor-element-0935c79 e-con-full e-flex e-con e-child\" data-id=\"0935c79\" data-element_type=\"container\" data-e-type=\"container\" data-settings=\"{&quot;background_background&quot;:&quot;classic&quot;,&quot;background_motion_fx_motion_fx_scrolling&quot;:&quot;yes&quot;,&quot;background_motion_fx_opacity_effect&quot;:&quot;yes&quot;,&quot;background_motion_fx_opacity_level&quot;:{&quot;unit&quot;:&quot;px&quot;,&quot;size&quot;:8,&quot;sizes&quot;:[]},&quot;background_motion_fx_opacity_range&quot;:{&quot;unit&quot;:&quot;%&quot;,&quot;size&quot;:&quot;&quot;,&quot;sizes&quot;:{&quot;start&quot;:0,&quot;end&quot;:50}},&quot;background_motion_fx_opacity_direction&quot;:&quot;out-in&quot;,&quot;background_motion_fx_devices&quot;:[&quot;desktop&quot;,&quot;tablet&quot;,&quot;mobile&quot;]}\">\n\t\t<div class=\"elementor-element elementor-element-52d9159 e-flex e-con-boxed e-con e-child\" data-id=\"52d9159\" data-element_type=\"container\" data-e-type=\"container\" data-settings=\"{&quot;background_background&quot;:&quot;classic&quot;}\">\n\t\t\t\t\t<div class=\"e-con-inner\">\n\t\t\t\t<div class=\"elementor-element elementor-element-58b6544 elementor-widget elementor-widget-heading\" data-id=\"58b6544\" data-element_type=\"widget\" data-e-type=\"widget\" data-widget_type=\"heading.default\">\n\t\t\t\t<div class=\"elementor-widget-container\">\n\t\t\t\t\t<h2 class=\"elementor-heading-title elementor-size-default\">OLIVE GROVES<\/h2>\t\t\t\t<\/div>\n\t\t\t\t<\/div>\n\t\t\t\t<div class=\"elementor-element elementor-element-972b8c9 elementor-widget elementor-widget-text-editor\" data-id=\"972b8c9\" data-element_type=\"widget\" data-e-type=\"widget\" data-widget_type=\"text-editor.default\">\n\t\t\t\t<div class=\"elementor-widget-container\">\n\t\t\t\t\t\t\t\t\t<p>Its olive groves, nurtured by centuries of tradition and meticulous care, have gained <span style=\"color: #9e8763; font-weight: 400;\">international prestige<\/span> for their authentic flavour and superior quality.<\/p>\t\t\t\t\t\t\t\t<\/div>\n\t\t\t\t<\/div>\n\t\t\t\t\t<\/div>\n\t\t\t\t<\/div>\n\t\t\t\t<\/div>\n\t\t<div class=\"elementor-element elementor-element-83ecfc6 e-con-full e-flex e-con e-child\" data-id=\"83ecfc6\" data-element_type=\"container\" data-e-type=\"container\" data-settings=\"{&quot;background_background&quot;:&quot;classic&quot;,&quot;background_motion_fx_motion_fx_scrolling&quot;:&quot;yes&quot;,&quot;background_motion_fx_opacity_effect&quot;:&quot;yes&quot;,&quot;background_motion_fx_opacity_level&quot;:{&quot;unit&quot;:&quot;px&quot;,&quot;size&quot;:8,&quot;sizes&quot;:[]},&quot;background_motion_fx_opacity_range&quot;:{&quot;unit&quot;:&quot;%&quot;,&quot;size&quot;:&quot;&quot;,&quot;sizes&quot;:{&quot;start&quot;:0,&quot;end&quot;:50}},&quot;background_motion_fx_devices&quot;:[&quot;desktop&quot;,&quot;tablet&quot;],&quot;background_motion_fx_opacity_direction&quot;:&quot;out-in&quot;}\">\n\t\t<div class=\"elementor-element elementor-element-21ec4a9 e-flex e-con-boxed e-con e-child\" data-id=\"21ec4a9\" data-element_type=\"container\" data-e-type=\"container\" data-settings=\"{&quot;background_background&quot;:&quot;classic&quot;}\">\n\t\t\t\t\t<div class=\"e-con-inner\">\n\t\t\t\t<div class=\"elementor-element elementor-element-c100dcc elementor-widget elementor-widget-heading\" data-id=\"c100dcc\" data-element_type=\"widget\" data-e-type=\"widget\" data-widget_type=\"heading.default\">\n\t\t\t\t<div class=\"elementor-widget-container\">\n\t\t\t\t\t<h2 class=\"elementor-heading-title elementor-size-default\">ESSENCE<\/h2>\t\t\t\t<\/div>\n\t\t\t\t<\/div>\n\t\t\t\t<div class=\"elementor-element elementor-element-919130e elementor-widget elementor-widget-text-editor\" data-id=\"919130e\" data-element_type=\"widget\" data-e-type=\"widget\" data-widget_type=\"text-editor.default\">\n\t\t\t\t<div class=\"elementor-widget-container\">\n\t\t\t\t\t\t\t\t\t<p>Each bottle of Mart\u00edn Berrocal tells a story that dates back to this iconic region, celebrating the essence of <span style=\"color: #9e8763; font-weight: 400;\">Andalusia in every drop.<\/span> <\/p>\t\t\t\t\t\t\t\t<\/div>\n\t\t\t\t<\/div>\n\t\t\t\t\t<\/div>\n\t\t\t\t<\/div>\n\t\t\t\t<\/div>\n\t\t<div class=\"elementor-element elementor-element-fdd8dab e-con-full e-flex e-con e-child\" data-id=\"fdd8dab\" data-element_type=\"container\" data-e-type=\"container\" data-settings=\"{&quot;background_background&quot;:&quot;classic&quot;,&quot;background_motion_fx_motion_fx_scrolling&quot;:&quot;yes&quot;,&quot;background_motion_fx_opacity_effect&quot;:&quot;yes&quot;,&quot;background_motion_fx_opacity_level&quot;:{&quot;unit&quot;:&quot;px&quot;,&quot;size&quot;:8,&quot;sizes&quot;:[]},&quot;background_motion_fx_opacity_range&quot;:{&quot;unit&quot;:&quot;%&quot;,&quot;size&quot;:&quot;&quot;,&quot;sizes&quot;:{&quot;start&quot;:0,&quot;end&quot;:50}},&quot;background_motion_fx_devices&quot;:[&quot;desktop&quot;,&quot;tablet&quot;],&quot;background_motion_fx_opacity_direction&quot;:&quot;out-in&quot;}\">\n\t\t<div class=\"elementor-element elementor-element-201561f e-flex e-con-boxed e-con e-child\" data-id=\"201561f\" data-element_type=\"container\" data-e-type=\"container\" data-settings=\"{&quot;background_background&quot;:&quot;classic&quot;}\">\n\t\t\t\t\t<div class=\"e-con-inner\">\n\t\t\t\t<div class=\"elementor-element elementor-element-8a23eaa elementor-widget elementor-widget-heading\" data-id=\"8a23eaa\" data-element_type=\"widget\" data-e-type=\"widget\" data-widget_type=\"heading.default\">\n\t\t\t\t<div class=\"elementor-widget-container\">\n\t\t\t\t\t<h2 class=\"elementor-heading-title elementor-size-default\">CLIMATE<\/h2>\t\t\t\t<\/div>\n\t\t\t\t<\/div>\n\t\t\t\t<div class=\"elementor-element elementor-element-5f252be elementor-widget elementor-widget-text-editor\" data-id=\"5f252be\" data-element_type=\"widget\" data-e-type=\"widget\" data-widget_type=\"text-editor.default\">\n\t\t\t\t<div class=\"elementor-widget-container\">\n\t\t\t\t\t\t\t\t\t<p>The Mediterranean climate of Andalusia is an unrivalled ally, with its <span style=\"color: #9e8763; font-weight: 400;\">warm sun and fresh breeze caressing the olives,<\/span> giving them a unique richness and flavour.<\/p>\t\t\t\t\t\t\t\t<\/div>\n\t\t\t\t<\/div>\n\t\t\t\t\t<\/div>\n\t\t\t\t<\/div>\n\t\t\t\t<\/div>\n\t\t<div class=\"elementor-element elementor-element-91568e0 e-con-full e-flex e-con e-child\" data-id=\"91568e0\" data-element_type=\"container\" data-e-type=\"container\" data-settings=\"{&quot;background_background&quot;:&quot;classic&quot;,&quot;background_motion_fx_motion_fx_scrolling&quot;:&quot;yes&quot;,&quot;background_motion_fx_opacity_effect&quot;:&quot;yes&quot;,&quot;background_motion_fx_opacity_level&quot;:{&quot;unit&quot;:&quot;px&quot;,&quot;size&quot;:8,&quot;sizes&quot;:[]},&quot;background_motion_fx_opacity_range&quot;:{&quot;unit&quot;:&quot;%&quot;,&quot;size&quot;:&quot;&quot;,&quot;sizes&quot;:{&quot;start&quot;:0,&quot;end&quot;:50}},&quot;background_motion_fx_devices&quot;:[&quot;desktop&quot;,&quot;tablet&quot;],&quot;background_motion_fx_opacity_direction&quot;:&quot;out-in&quot;}\">\n\t\t<div class=\"elementor-element elementor-element-64834df e-flex e-con-boxed e-con e-child\" data-id=\"64834df\" data-element_type=\"container\" data-e-type=\"container\" data-settings=\"{&quot;background_background&quot;:&quot;classic&quot;}\">\n\t\t\t\t\t<div class=\"e-con-inner\">\n\t\t\t\t<div class=\"elementor-element elementor-element-36091d8 elementor-widget elementor-widget-heading\" data-id=\"36091d8\" data-element_type=\"widget\" data-e-type=\"widget\" data-widget_type=\"heading.default\">\n\t\t\t\t<div class=\"elementor-widget-container\">\n\t\t\t\t\t<h2 class=\"elementor-heading-title elementor-size-default\">SOUL<\/h2>\t\t\t\t<\/div>\n\t\t\t\t<\/div>\n\t\t\t\t<div class=\"elementor-element elementor-element-823b27a elementor-widget elementor-widget-text-editor\" data-id=\"823b27a\" data-element_type=\"widget\" data-e-type=\"widget\" data-widget_type=\"text-editor.default\">\n\t\t\t\t<div class=\"elementor-widget-container\">\n\t\t\t\t\t\t\t\t\t<p>Location is more than just a point on the map; it is the soul of our brand and the guarantee of an oil that was born where <span style=\"color: #9e8763; font-weight: 400;\">tradition and quality intertwine to give rise to what Mart\u00edn Berrocal is today.<\/span><\/p>\t\t\t\t\t\t\t\t<\/div>\n\t\t\t\t<\/div>\n\t\t\t\t\t<\/div>\n\t\t\t\t<\/div>\n\t\t\t\t<\/div>\n\t\t\t\t\t<\/div>\n\t\t\t\t<\/div>\n\t\t<div class=\"elementor-element elementor-element-93c30e8 e-flex e-con-boxed e-con e-parent\" data-id=\"93c30e8\" data-element_type=\"container\" data-e-type=\"container\" data-settings=\"{&quot;background_background&quot;:&quot;classic&quot;,&quot;background_motion_fx_motion_fx_scrolling&quot;:&quot;yes&quot;,&quot;background_motion_fx_scale_effect&quot;:&quot;yes&quot;,&quot;background_motion_fx_scale_direction&quot;:&quot;in-out&quot;,&quot;background_motion_fx_scale_range&quot;:{&quot;unit&quot;:&quot;%&quot;,&quot;size&quot;:&quot;&quot;,&quot;sizes&quot;:{&quot;start&quot;:26,&quot;end&quot;:65}},&quot;background_motion_fx_scale_speed&quot;:{&quot;unit&quot;:&quot;px&quot;,&quot;size&quot;:10,&quot;sizes&quot;:[]},&quot;background_motion_fx_devices&quot;:[&quot;desktop&quot;,&quot;tablet&quot;,&quot;mobile&quot;]}\">\n\t\t\t\t\t<div class=\"e-con-inner\">\n\t\t\t\t<div class=\"elementor-element elementor-element-7c68cab animated-slow elementor-invisible elementor-widget elementor-widget-heading\" data-id=\"7c68cab\" data-element_type=\"widget\" data-e-type=\"widget\" data-settings=\"{&quot;_animation&quot;:&quot;fadeIn&quot;,&quot;_animation_delay&quot;:400}\" data-widget_type=\"heading.default\">\n\t\t\t\t<div class=\"elementor-widget-container\">\n\t\t\t\t\t<h2 class=\"elementor-heading-title elementor-size-default\">THE DISTINCTION THAT DEFINES US<\/h2>\t\t\t\t<\/div>\n\t\t\t\t<\/div>\n\t\t\t\t<div class=\"elementor-element elementor-element-7591b05 animated-slow elementor-invisible elementor-widget elementor-widget-heading\" data-id=\"7591b05\" data-element_type=\"widget\" data-e-type=\"widget\" data-settings=\"{&quot;_animation&quot;:&quot;fadeIn&quot;,&quot;_animation_delay&quot;:460}\" data-widget_type=\"heading.default\">\n\t\t\t\t<div class=\"elementor-widget-container\">\n\t\t\t\t\t<h3 class=\"elementor-heading-title elementor-size-default\">THE HOJIBLANCA VARIETY AS OUR MOST PRECIOUS TREASURE<\/h3>\t\t\t\t<\/div>\n\t\t\t\t<\/div>\n\t\t\t\t<div class=\"elementor-element elementor-element-3dfd03a animated-slow elementor-invisible elementor-widget elementor-widget-text-editor\" data-id=\"3dfd03a\" data-element_type=\"widget\" data-e-type=\"widget\" data-settings=\"{&quot;_animation&quot;:&quot;fadeIn&quot;,&quot;_animation_delay&quot;:520}\" data-widget_type=\"text-editor.default\">\n\t\t\t\t<div class=\"elementor-widget-container\">\n\t\t\t\t\t\t\t\t\t<p>The Andalusian olive oil sector is recognized worldwide for its diversity of flavors and varieties. Its importance lies in the careful production of this precious golden liquid, which ranges from the cultivation procedures of the olive groves to the meticulous extraction of the oil. <\/p>\n<p>The Hojiblanca variety is a fundamental pillar in the world of olive oil, distinguishing itself for its unique character and its unique attributes. Originally from the region of Andalusia, this variety is a treasure in production, as it provides a liquid of excellence recognized for its balanced flavor and full of nuances. Its silvery leaves capture the intensity of the Andalusian sun, being a visual reflection of the quality that is experienced in each drop.  <\/p>\n<p>In a market where differentiation is key, our dedication to olive quality, especially through the Hojiblanca variety, gives our oil a distinctive character.<\/p>\t\t\t\t\t\t\t\t<\/div>\n\t\t\t\t<\/div>\n\t\t\t\t\t<\/div>\n\t\t\t\t<\/div>\n\t\t<div class=\"elementor-element elementor-element-a1496e8 e-flex e-con-boxed e-con e-parent\" data-id=\"a1496e8\" data-element_type=\"container\" data-e-type=\"container\">\n\t\t\t\t\t<div class=\"e-con-inner\">\n\t\t\t\t<div class=\"elementor-element elementor-element-bcbeca6 animated-slow elementor-invisible elementor-widget elementor-widget-heading\" data-id=\"bcbeca6\" data-element_type=\"widget\" data-e-type=\"widget\" data-settings=\"{&quot;_animation&quot;:&quot;fadeIn&quot;,&quot;_animation_delay&quot;:400}\" data-widget_type=\"heading.default\">\n\t\t\t\t<div class=\"elementor-widget-container\">\n\t\t\t\t\t<h2 class=\"elementor-heading-title elementor-size-default\">COLD PRESSING PROCESS<\/h2>\t\t\t\t<\/div>\n\t\t\t\t<\/div>\n\t\t\t\t<div class=\"elementor-element elementor-element-bd041f4 animated-slow elementor-invisible elementor-widget elementor-widget-text-editor\" data-id=\"bd041f4\" data-element_type=\"widget\" data-e-type=\"widget\" data-settings=\"{&quot;_animation&quot;:&quot;fadeIn&quot;,&quot;_animation_delay&quot;:460}\" data-widget_type=\"text-editor.default\">\n\t\t\t\t<div class=\"elementor-widget-container\">\n\t\t\t\t\t\t\t\t\t<p>To obtain Andalusian olive oil, we use cold pressing, valued for its ability to preserve aromas, flavors and nutritional properties of olive oil.<br>By avoiding the use of high temperatures, the beneficial compounds present in olives, such as antioxidants and healthy fatty acids, are better preserved.<br>This results in a high-quality olive oil, with an authentic flavour and an exceptional sensory profile.<\/p>\t\t\t\t\t\t\t\t<\/div>\n\t\t\t\t<\/div>\n\t\t\t\t\t<\/div>\n\t\t\t\t<\/div>\n\t\t<div class=\"elementor-element elementor-element-b219b69 animated-slow e-flex e-con-boxed elementor-invisible e-con e-parent\" data-id=\"b219b69\" data-element_type=\"container\" data-e-type=\"container\" data-settings=\"{&quot;animation&quot;:&quot;zoomIn&quot;,&quot;animation_delay&quot;:100}\">\n\t\t\t\t\t<div class=\"e-con-inner\">\n\t\t\t\t<div class=\"elementor-element elementor-element-24226f4 elementor-widget__width-initial elementor-widget-mobile__width-inherit elementor-position-top elementor-widget elementor-widget-image-box\" data-id=\"24226f4\" data-element_type=\"widget\" data-e-type=\"widget\" data-widget_type=\"image-box.default\">\n\t\t\t\t<div class=\"elementor-widget-container\">\n\t\t\t\t\t<div class=\"elementor-image-box-wrapper\"><figure class=\"elementor-image-box-img\"><img fetchpriority=\"high\" decoding=\"async\" width=\"242\" height=\"242\" src=\"https:\/\/martinberrocal.com\/wp-content\/uploads\/prensado-01-seleccion.jpg\" class=\"attachment-full size-full wp-image-160\" alt=\"Una persona est\u00e1 cosechando aceitunas verdes y moradas en una canasta tejida de una rama de olivo, destinada a convertirse en el mejor aceite de oliva andaluz.\" srcset=\"https:\/\/martinberrocal.com\/wp-content\/uploads\/prensado-01-seleccion.jpg 242w, https:\/\/martinberrocal.com\/wp-content\/uploads\/prensado-01-seleccion-150x150.jpg 150w, https:\/\/martinberrocal.com\/wp-content\/uploads\/prensado-01-seleccion-100x100.jpg 100w\" sizes=\"(max-width: 242px) 100vw, 242px\" \/><\/figure><div class=\"elementor-image-box-content\"><h3 class=\"elementor-image-box-title\">1.<br> SELECTION OF OLIVES<\/h3><p class=\"elementor-image-box-description\">The best quality olives are carefully selected, ensuring that they are at their optimum point of ripeness and without defects to become the best Andalusian olive oil.<\/p><\/div><\/div>\t\t\t\t<\/div>\n\t\t\t\t<\/div>\n\t\t\t\t<div class=\"elementor-element elementor-element-183cab6 elementor-widget__width-initial elementor-widget-mobile__width-inherit elementor-position-top elementor-widget elementor-widget-image-box\" data-id=\"183cab6\" data-element_type=\"widget\" data-e-type=\"widget\" data-widget_type=\"image-box.default\">\n\t\t\t\t<div class=\"elementor-widget-container\">\n\t\t\t\t\t<div class=\"elementor-image-box-wrapper\"><figure class=\"elementor-image-box-img\"><img decoding=\"async\" width=\"242\" height=\"242\" src=\"https:\/\/martinberrocal.com\/wp-content\/uploads\/prensado-02-limpieza-lavado.jpg\" class=\"attachment-full size-full wp-image-166\" alt=\"Una persona vierte un cubo de aceitunas verdes y moradas en un contenedor grande al aire libre, una reminiscencia de las ricas tradiciones asociadas con el aceite de oliva andaluz.\" srcset=\"https:\/\/martinberrocal.com\/wp-content\/uploads\/prensado-02-limpieza-lavado.jpg 242w, https:\/\/martinberrocal.com\/wp-content\/uploads\/prensado-02-limpieza-lavado-150x150.jpg 150w, https:\/\/martinberrocal.com\/wp-content\/uploads\/prensado-02-limpieza-lavado-100x100.jpg 100w\" sizes=\"(max-width: 242px) 100vw, 242px\" \/><\/figure><div class=\"elementor-image-box-content\"><h3 class=\"elementor-image-box-title\">2.<br> CLEANING AND WASHING<\/h3><p class=\"elementor-image-box-description\">The harvested olives are cleaned of impurities, leaves and branches. Then, they are washed with water to remove any residue. <\/p><\/div><\/div>\t\t\t\t<\/div>\n\t\t\t\t<\/div>\n\t\t\t\t<div class=\"elementor-element elementor-element-0e5a0a3 elementor-widget__width-initial elementor-widget-mobile__width-inherit elementor-position-top elementor-widget elementor-widget-image-box\" data-id=\"0e5a0a3\" data-element_type=\"widget\" data-e-type=\"widget\" data-widget_type=\"image-box.default\">\n\t\t\t\t<div class=\"elementor-widget-container\">\n\t\t\t\t\t<div class=\"elementor-image-box-wrapper\"><figure class=\"elementor-image-box-img\"><img decoding=\"async\" width=\"242\" height=\"242\" src=\"https:\/\/martinberrocal.com\/wp-content\/uploads\/prensado-03-molienda.jpg\" class=\"attachment-full size-full wp-image-162\" alt=\"Una imagen en primer plano de un molinillo mec\u00e1nico procesando aceitunas verdes y negras, con algunos restos triturados esparcidos por todas partes, revelando los inicios del aut\u00e9ntico aceite de oliva andaluz.\" srcset=\"https:\/\/martinberrocal.com\/wp-content\/uploads\/prensado-03-molienda.jpg 242w, https:\/\/martinberrocal.com\/wp-content\/uploads\/prensado-03-molienda-150x150.jpg 150w, https:\/\/martinberrocal.com\/wp-content\/uploads\/prensado-03-molienda-100x100.jpg 100w\" sizes=\"(max-width: 242px) 100vw, 242px\" \/><\/figure><div class=\"elementor-image-box-content\"><h3 class=\"elementor-image-box-title\">3.<br> GRINDING<\/h3><p class=\"elementor-image-box-description\">The cleaned olives are ground to obtain a consistent paste.  <br>This process breaks down the cells of the olives and releases the oil contained in them.<\/p><\/div><\/div>\t\t\t\t<\/div>\n\t\t\t\t<\/div>\n\t\t\t\t<div class=\"elementor-element elementor-element-faab143 elementor-widget__width-initial elementor-widget-mobile__width-inherit elementor-position-top elementor-widget elementor-widget-image-box\" data-id=\"faab143\" data-element_type=\"widget\" data-e-type=\"widget\" data-widget_type=\"image-box.default\">\n\t\t\t\t<div class=\"elementor-widget-container\">\n\t\t\t\t\t<div class=\"elementor-image-box-wrapper\"><figure class=\"elementor-image-box-img\"><img loading=\"lazy\" decoding=\"async\" width=\"242\" height=\"242\" src=\"https:\/\/martinberrocal.com\/wp-content\/uploads\/prensado-04-prensado.jpg\" class=\"attachment-full size-full wp-image-163\" alt=\"Una aceituna verde prensada por un tornillo de banco de metal, de la que gotea aceite de oliva andaluz dorado.\" srcset=\"https:\/\/martinberrocal.com\/wp-content\/uploads\/prensado-04-prensado.jpg 242w, https:\/\/martinberrocal.com\/wp-content\/uploads\/prensado-04-prensado-150x150.jpg 150w, https:\/\/martinberrocal.com\/wp-content\/uploads\/prensado-04-prensado-100x100.jpg 100w\" sizes=\"(max-width: 242px) 100vw, 242px\" \/><\/figure><div class=\"elementor-image-box-content\"><h3 class=\"elementor-image-box-title\">4.<br> PRESSING<br> COLD<\/h3><p class=\"elementor-image-box-description\">The resulting paste is placed in a hydraulic press that exerts pressure to extract the oil.<br> It is important to note that no heat is applied during this process, which prevents alterations in the chemical composition and flavor of the oil.<\/p><\/div><\/div>\t\t\t\t<\/div>\n\t\t\t\t<\/div>\n\t\t\t\t<div class=\"elementor-element elementor-element-c04bbf8 elementor-widget__width-initial elementor-widget-mobile__width-inherit elementor-position-top elementor-widget elementor-widget-image-box\" data-id=\"c04bbf8\" data-element_type=\"widget\" data-e-type=\"widget\" data-widget_type=\"image-box.default\">\n\t\t\t\t<div class=\"elementor-widget-container\">\n\t\t\t\t\t<div class=\"elementor-image-box-wrapper\"><figure class=\"elementor-image-box-img\"><img loading=\"lazy\" decoding=\"async\" width=\"242\" height=\"242\" src=\"https:\/\/martinberrocal.com\/wp-content\/uploads\/prensado-05-decantacion.jpg\" class=\"attachment-full size-full wp-image-164\" alt=\"Se vierte aceite sobre tres cucharas apiladas, con la cuchara superior sosteniendo una hoja y la cuchara del medio con aceitunas negras. El aceite de oliva andaluz cae en cascada hasta el fondo de la cuchara sobre un fondo negro.\" srcset=\"https:\/\/martinberrocal.com\/wp-content\/uploads\/prensado-05-decantacion.jpg 242w, https:\/\/martinberrocal.com\/wp-content\/uploads\/prensado-05-decantacion-150x150.jpg 150w, https:\/\/martinberrocal.com\/wp-content\/uploads\/prensado-05-decantacion-100x100.jpg 100w\" sizes=\"(max-width: 242px) 100vw, 242px\" \/><\/figure><div class=\"elementor-image-box-content\"><h3 class=\"elementor-image-box-title\">5.<br> CLEANING<br> AND WASHING<\/h3><p class=\"elementor-image-box-description\">After pressing it is left to rest in tanks to allow natural decantation to occur in which solids and impurities are separated from the oil. Depending on the type of oil chosen, it will or will not undergo a filtering process to remove particles. <\/p><\/div><\/div>\t\t\t\t<\/div>\n\t\t\t\t<\/div>\n\t\t\t\t<div class=\"elementor-element elementor-element-cc2f89c elementor-widget__width-initial elementor-widget-mobile__width-inherit elementor-position-top elementor-widget elementor-widget-image-box\" data-id=\"cc2f89c\" data-element_type=\"widget\" data-e-type=\"widget\" data-widget_type=\"image-box.default\">\n\t\t\t\t<div class=\"elementor-widget-container\">\n\t\t\t\t\t<div class=\"elementor-image-box-wrapper\"><figure class=\"elementor-image-box-img\"><img loading=\"lazy\" decoding=\"async\" width=\"242\" height=\"242\" src=\"https:\/\/martinberrocal.com\/wp-content\/uploads\/prensado-06-almacenamiento.jpg\" class=\"attachment-full size-full wp-image-165\" alt=\"Filas de grandes tanques de fermentaci\u00f3n de acero inoxidable en una cervecer\u00eda o instalaci\u00f3n industrial, que recuerdan el meticuloso proceso utilizado en la producci\u00f3n de aceite de oliva andaluz.\" srcset=\"https:\/\/martinberrocal.com\/wp-content\/uploads\/prensado-06-almacenamiento.jpg 242w, https:\/\/martinberrocal.com\/wp-content\/uploads\/prensado-06-almacenamiento-150x150.jpg 150w, https:\/\/martinberrocal.com\/wp-content\/uploads\/prensado-06-almacenamiento-100x100.jpg 100w\" sizes=\"(max-width: 242px) 100vw, 242px\" \/><\/figure><div class=\"elementor-image-box-content\"><h3 class=\"elementor-image-box-title\">6.<br> STORAGE AND PACKAGING<\/h3><p class=\"elementor-image-box-description\">Andalusian olive oil obtained by cold pressing is stored under controlled conditions to preserve its quality before being packaged.<br> Quality, durability and light protection make the can format the optimal choice.<\/p><\/div><\/div>\t\t\t\t<\/div>\n\t\t\t\t<\/div>\n\t\t\t\t\t<\/div>\n\t\t\t\t<\/div>\n\t\t\t\t<\/div>\n\t\t","protected":false},"excerpt":{"rendered":"<p>Andalusia, the heart of olive oil Andalusia, with its rich heritage in olive oil production, is the privileged location for our olive groves. Its fertile lands and Mediterranean climate provide the ideal environment for cultivation. This region, the cradle of our production, is synonymous with tradition, quality and authenticity in every drop of our oil. [&hellip;]<\/p>\n","protected":false},"author":1,"featured_media":0,"parent":0,"menu_order":0,"comment_status":"closed","ping_status":"closed","template":"","meta":{"iawp_total_views":80,"footnotes":""},"class_list":["post-989","page","type-page","status-publish","hentry"],"_links":{"self":[{"href":"https:\/\/martinberrocal.com\/en\/wp-json\/wp\/v2\/pages\/989","targetHints":{"allow":["GET"]}}],"collection":[{"href":"https:\/\/martinberrocal.com\/en\/wp-json\/wp\/v2\/pages"}],"about":[{"href":"https:\/\/martinberrocal.com\/en\/wp-json\/wp\/v2\/types\/page"}],"author":[{"embeddable":true,"href":"https:\/\/martinberrocal.com\/en\/wp-json\/wp\/v2\/users\/1"}],"replies":[{"embeddable":true,"href":"https:\/\/martinberrocal.com\/en\/wp-json\/wp\/v2\/comments?post=989"}],"version-history":[{"count":5,"href":"https:\/\/martinberrocal.com\/en\/wp-json\/wp\/v2\/pages\/989\/revisions"}],"predecessor-version":[{"id":1329,"href":"https:\/\/martinberrocal.com\/en\/wp-json\/wp\/v2\/pages\/989\/revisions\/1329"}],"wp:attachment":[{"href":"https:\/\/martinberrocal.com\/en\/wp-json\/wp\/v2\/media?parent=989"}],"curies":[{"name":"wp","href":"https:\/\/api.w.org\/{rel}","templated":true}]}}